{"id":25,"date":"2023-05-03T16:01:29","date_gmt":"2023-05-03T14:01:29","guid":{"rendered":"https:\/\/www.freesteel.sk\/?page_id=25"},"modified":"2023-07-10T22:26:30","modified_gmt":"2023-07-10T20:26:30","slug":"about-us","status":"publish","type":"page","link":"https:\/\/www.freesteel.sk\/?page_id=25","title":{"rendered":"Kovovr\u00fdoba"},"content":{"rendered":"\t\t<div data-elementor-type=\"wp-page\" data-elementor-id=\"25\" class=\"elementor elementor-25\">\n\t\t\t\t\t\t\t\t\t<section class=\"elementor-section elementor-top-section elementor-element elementor-element-2e79bb67 elementor-section-full_width elementor-section-height-min-height elementor-section-items-stretch elementor-section-content-middle elementor-reverse-tablet elementor-reverse-mobile elementor-section-height-default\" data-id=\"2e79bb67\" data-element_type=\"section\">\n\t\t\t\t\t\t<div class=\"elementor-container elementor-column-gap-no\">\n\t\t\t\t\t<div class=\"elementor-column elementor-col-50 elementor-top-column elementor-element elementor-element-750bc263\" data-id=\"750bc263\" data-element_type=\"column\">\n\t\t\t<div class=\"elementor-widget-wrap elementor-element-populated\">\n\t\t\t\t\t\t\t\t<div class=\"elementor-element elementor-element-148039f9 elementor-widget elementor-widget-heading\" data-id=\"148039f9\" data-element_type=\"widget\" data-widget_type=\"heading.default\">\n\t\t\t\t<div class=\"elementor-widget-container\">\n\t\t\t<style>\/*! elementor - v3.12.2 - 23-04-2023 *\/\n.elementor-heading-title{padding:0;margin:0;line-height:1}.elementor-widget-heading .elementor-heading-title[class*=elementor-size-]>a{color:inherit;font-size:inherit;line-height:inherit}.elementor-widget-heading .elementor-heading-title.elementor-size-small{font-size:15px}.elementor-widget-heading .elementor-heading-title.elementor-size-medium{font-size:19px}.elementor-widget-heading .elementor-heading-title.elementor-size-large{font-size:29px}.elementor-widget-heading .elementor-heading-title.elementor-size-xl{font-size:39px}.elementor-widget-heading .elementor-heading-title.elementor-size-xxl{font-size:59px}<\/style><h1 class=\"elementor-heading-title elementor-size-default\">Kovov\u00fdroba<\/h1>\t\t<\/div>\n\t\t\t\t<\/div>\n\t\t\t\t<div class=\"elementor-element elementor-element-4f4bc018 elementor-widget elementor-widget-text-editor\" data-id=\"4f4bc018\" data-element_type=\"widget\" data-widget_type=\"text-editor.default\">\n\t\t\t\t<div class=\"elementor-widget-container\">\n\t\t\t<style>\/*! elementor - v3.12.2 - 23-04-2023 *\/\n.elementor-widget-text-editor.elementor-drop-cap-view-stacked .elementor-drop-cap{background-color:#69727d;color:#fff}.elementor-widget-text-editor.elementor-drop-cap-view-framed .elementor-drop-cap{color:#69727d;border:3px solid;background-color:transparent}.elementor-widget-text-editor:not(.elementor-drop-cap-view-default) .elementor-drop-cap{margin-top:8px}.elementor-widget-text-editor:not(.elementor-drop-cap-view-default) .elementor-drop-cap-letter{width:1em;height:1em}.elementor-widget-text-editor .elementor-drop-cap{float:left;text-align:center;line-height:1;font-size:50px}.elementor-widget-text-editor .elementor-drop-cap-letter{display:inline-block}<\/style>\t\t\t\t<p>Na\u0161a kovov\u00fdroba je zameran\u00e1 na r\u00f4zne produkty z kovov\u00fdch materi\u00e1lov, vr\u00e1tane ocele, hlin\u00edka, medi a \u010fal\u0161\u00edch. S vyu\u017eit\u00edm najmodernej\u0161\u00edch technol\u00f3gi\u00ed a vysokej prec\u00edznosti zabezpe\u010dujeme, aby ka\u017ed\u00fd v\u00fdrobok, ktor\u00fd op\u00fa\u0161\u0165a na\u0161e dielne, sp\u013a\u0148al najvy\u0161\u0161ie \u0161tandardy kvality. Spolupracujeme s odvetviami ako automobilov\u00fd priemysel, stroj\u00e1rstvo a energetika. Na\u0161a flexibilita a schopnos\u0165 prisp\u00f4sobi\u0165 sa individu\u00e1lnym po\u017eiadavk\u00e1m z\u00e1kazn\u00edkov n\u00e1m umo\u017e\u0148uj\u00fa poskytova\u0165 v\u00fdrobu na mieru, \u010di u\u017e ide o jednor\u00e1zov\u00e9 objedn\u00e1vky alebo dlhodob\u00e9 partnerstv\u00e1. V spolo\u010dnosti FreeSteel db\u00e1me na vysok\u00e9 \u0161tandardy kvality a bezpe\u010dnosti pri v\u00fdrobe kovov\u00fdch komponentov. Vyu\u017e\u00edvame modern\u00e9 technol\u00f3gie a procesy, aby sme dosiahli najlep\u0161ie v\u00fdsledky pre na\u0161ich z\u00e1kazn\u00edkov. Ak h\u013ead\u00e1te spo\u013eahliv\u00e9ho partnera pre va\u0161e kovov\u00e9 v\u00fdrobn\u00e9 potreby, nev\u00e1hajte n\u00e1s kontaktova\u0165. Sme pripraven\u00ed spolupracova\u0165 s vami a poskytn\u00fa\u0165 v\u00e1m vynikaj\u00face v\u00fdsledky v oblasti kovov\u00fdroby.<\/p><p>\u00a0<\/p>\t\t\t\t\t\t<\/div>\n\t\t\t\t<\/div>\n\t\t\t\t\t<\/div>\n\t\t<\/div>\n\t\t\t\t<div class=\"elementor-column elementor-col-50 elementor-top-column elementor-element elementor-element-5d5c171\" data-id=\"5d5c171\" data-element_type=\"column\" data-settings=\"{&quot;background_background&quot;:&quot;classic&quot;}\">\n\t\t\t<div class=\"elementor-widget-wrap elementor-element-populated\">\n\t\t\t\t\t\t\t\t<div class=\"elementor-element elementor-element-7c007f9d elementor-widget elementor-widget-spacer\" data-id=\"7c007f9d\" data-element_type=\"widget\" data-widget_type=\"spacer.default\">\n\t\t\t\t<div class=\"elementor-widget-container\">\n\t\t\t<style>\/*! elementor - v3.12.2 - 23-04-2023 *\/\n.elementor-column .elementor-spacer-inner{height:var(--spacer-size)}.e-con{--container-widget-width:100%}.e-con-inner>.elementor-widget-spacer,.e-con>.elementor-widget-spacer{width:var(--container-widget-width,var(--spacer-size));--align-self:var(--container-widget-align-self,initial);--flex-shrink:0}.e-con-inner>.elementor-widget-spacer>.elementor-widget-container,.e-con-inner>.elementor-widget-spacer>.elementor-widget-container>.elementor-spacer,.e-con>.elementor-widget-spacer>.elementor-widget-container,.e-con>.elementor-widget-spacer>.elementor-widget-container>.elementor-spacer{height:100%}.e-con-inner>.elementor-widget-spacer>.elementor-widget-container>.elementor-spacer>.elementor-spacer-inner,.e-con>.elementor-widget-spacer>.elementor-widget-container>.elementor-spacer>.elementor-spacer-inner{height:var(--container-widget-height,var(--spacer-size))}<\/style>\t\t<div class=\"elementor-spacer\">\n\t\t\t<div class=\"elementor-spacer-inner\"><\/div>\n\t\t<\/div>\n\t\t\t\t<\/div>\n\t\t\t\t<\/div>\n\t\t\t\t\t<\/div>\n\t\t<\/div>\n\t\t\t\t\t\t\t<\/div>\n\t\t<\/section>\n\t\t\t\t<section class=\"elementor-section elementor-top-section elementor-element elementor-element-11d1ec8 elementor-section-content-middle elementor-section-boxed elementor-section-height-default elementor-section-height-default\" data-id=\"11d1ec8\" data-element_type=\"section\" data-settings=\"{&quot;background_background&quot;:&quot;classic&quot;}\">\n\t\t\t\t\t\t<div class=\"elementor-container elementor-column-gap-no\">\n\t\t\t\t\t<div class=\"elementor-column elementor-col-50 elementor-top-column elementor-element elementor-element-4373fc47\" data-id=\"4373fc47\" data-element_type=\"column\" data-settings=\"{&quot;background_background&quot;:&quot;classic&quot;}\">\n\t\t\t<div class=\"elementor-widget-wrap elementor-element-populated\">\n\t\t\t\t\t\t\t\t<div class=\"elementor-element elementor-element-68721d2b elementor-widget elementor-widget-heading\" data-id=\"68721d2b\" data-element_type=\"widget\" data-widget_type=\"heading.default\">\n\t\t\t\t<div class=\"elementor-widget-container\">\n\t\t\t<h5 class=\"elementor-heading-title elementor-size-default\">Kontaktujte n\u00e1s<\/h5>\t\t<\/div>\n\t\t\t\t<\/div>\n\t\t\t\t<div class=\"elementor-element elementor-element-3cc0f7ab elementor-widget elementor-widget-heading\" data-id=\"3cc0f7ab\" data-element_type=\"widget\" data-widget_type=\"heading.default\">\n\t\t\t\t<div class=\"elementor-widget-container\">\n\t\t\t<h4 class=\"elementor-heading-title elementor-size-default\"><a href=\"mailto:michal.mazgut@freesteel.sk\">michal.mazgut@freesteel.sk<\/a><br>+421 944 109 238<\/h4>\t\t<\/div>\n\t\t\t\t<\/div>\n\t\t\t\t\t<\/div>\n\t\t<\/div>\n\t\t\t\t<div class=\"elementor-column elementor-col-50 elementor-top-column elementor-element elementor-element-42e7916b\" data-id=\"42e7916b\" data-element_type=\"column\" data-settings=\"{&quot;background_background&quot;:&quot;classic&quot;}\">\n\t\t\t<div class=\"elementor-widget-wrap elementor-element-populated\">\n\t\t\t\t\t\t\t\t<div class=\"elementor-element elementor-element-677e43c2 elementor-widget elementor-widget-google_maps\" data-id=\"677e43c2\" data-element_type=\"widget\" data-widget_type=\"google_maps.default\">\n\t\t\t\t<div class=\"elementor-widget-container\">\n\t\t\t<style>\/*! elementor - v3.12.2 - 23-04-2023 *\/\n.elementor-widget-google_maps .elementor-widget-container{overflow:hidden}.elementor-widget-google_maps .elementor-custom-embed{line-height:0}.elementor-widget-google_maps iframe{height:300px}<\/style>\t\t<div class=\"elementor-custom-embed\">\n\t\t\t<iframe loading=\"lazy\"\n\t\t\t\t\tsrc=\"https:\/\/maps.google.com\/maps?q=Sad%20SNP%208&#038;t=m&#038;z=18&#038;output=embed&#038;iwloc=near\"\n\t\t\t\t\ttitle=\"Sad SNP 8\"\n\t\t\t\t\taria-label=\"Sad SNP 8\"\n\t\t\t><\/iframe>\n\t\t<\/div>\n\t\t\t\t<\/div>\n\t\t\t\t<\/div>\n\t\t\t\t\t<\/div>\n\t\t<\/div>\n\t\t\t\t\t\t\t<\/div>\n\t\t<\/section>\n\t\t\t\t\t\t\t<\/div>\n\t\t","protected":false},"excerpt":{"rendered":"<p>Kovov\u00fdroba Na\u0161a kovov\u00fdroba je zameran\u00e1 na r\u00f4zne produkty z kovov\u00fdch materi\u00e1lov, vr\u00e1tane ocele, hlin\u00edka, medi a \u010fal\u0161\u00edch. S vyu\u017eit\u00edm najmodernej\u0161\u00edch technol\u00f3gi\u00ed a vysokej prec\u00edznosti zabezpe\u010dujeme, aby ka\u017ed\u00fd v\u00fdrobok, ktor\u00fd op\u00fa\u0161\u0165a na\u0161e dielne, sp\u013a\u0148al najvy\u0161\u0161ie \u0161tandardy kvality. Spolupracujeme s odvetviami ako automobilov\u00fd priemysel, stroj\u00e1rstvo a energetika. Na\u0161a flexibilita a schopnos\u0165 prisp\u00f4sobi\u0165 sa individu\u00e1lnym po\u017eiadavk\u00e1m z\u00e1kazn\u00edkov n\u00e1m [&hellip;]<\/p>\n","protected":false},"author":1,"featured_media":0,"parent":0,"menu_order":0,"comment_status":"closed","ping_status":"closed","template":"","meta":{"_mi_skip_tracking":false},"yoast_head":"<!-- This site is optimized with the Yoast SEO plugin v20.5 - https:\/\/yoast.com\/wordpress\/plugins\/seo\/ -->\n<title>Kovovr\u00fdoba - Freesteel<\/title>\n<meta name=\"robots\" content=\"index, follow, max-snippet:-1, max-image-preview:large, max-video-preview:-1\" \/>\n<link rel=\"canonical\" href=\"https:\/\/www.freesteel.sk\/?page_id=25\" \/>\n<meta property=\"og:locale\" content=\"sk_SK\" \/>\n<meta property=\"og:type\" content=\"article\" \/>\n<meta property=\"og:title\" content=\"Kovovr\u00fdoba - Freesteel\" \/>\n<meta property=\"og:description\" content=\"Kovov\u00fdroba Na\u0161a kovov\u00fdroba je zameran\u00e1 na r\u00f4zne produkty z kovov\u00fdch materi\u00e1lov, vr\u00e1tane ocele, hlin\u00edka, medi a \u010fal\u0161\u00edch. S vyu\u017eit\u00edm najmodernej\u0161\u00edch technol\u00f3gi\u00ed a vysokej prec\u00edznosti zabezpe\u010dujeme, aby ka\u017ed\u00fd v\u00fdrobok, ktor\u00fd op\u00fa\u0161\u0165a na\u0161e dielne, sp\u013a\u0148al najvy\u0161\u0161ie \u0161tandardy kvality. Spolupracujeme s odvetviami ako automobilov\u00fd priemysel, stroj\u00e1rstvo a energetika. Na\u0161a flexibilita a schopnos\u0165 prisp\u00f4sobi\u0165 sa individu\u00e1lnym po\u017eiadavk\u00e1m z\u00e1kazn\u00edkov n\u00e1m [&hellip;]\" \/>\n<meta property=\"og:url\" content=\"https:\/\/www.freesteel.sk\/?page_id=25\" \/>\n<meta property=\"og:site_name\" content=\"Freesteel\" \/>\n<meta property=\"article:modified_time\" content=\"2023-07-10T20:26:30+00:00\" \/>\n<meta name=\"twitter:card\" content=\"summary_large_image\" \/>\n<meta name=\"twitter:label1\" content=\"Predpokladan\u00fd \u010das \u010d\u00edtania\" \/>\n\t<meta name=\"twitter:data1\" content=\"1 min\u00fata\" \/>\n<script type=\"application\/ld+json\" class=\"yoast-schema-graph\">{\"@context\":\"https:\/\/schema.org\",\"@graph\":[{\"@type\":\"WebPage\",\"@id\":\"https:\/\/www.freesteel.sk\/?page_id=25\",\"url\":\"https:\/\/www.freesteel.sk\/?page_id=25\",\"name\":\"Kovovr\u00fdoba - Freesteel\",\"isPartOf\":{\"@id\":\"https:\/\/www.freesteel.sk\/#website\"},\"datePublished\":\"2023-05-03T14:01:29+00:00\",\"dateModified\":\"2023-07-10T20:26:30+00:00\",\"breadcrumb\":{\"@id\":\"https:\/\/www.freesteel.sk\/?page_id=25#breadcrumb\"},\"inLanguage\":\"sk-SK\",\"potentialAction\":[{\"@type\":\"ReadAction\",\"target\":[\"https:\/\/www.freesteel.sk\/?page_id=25\"]}]},{\"@type\":\"BreadcrumbList\",\"@id\":\"https:\/\/www.freesteel.sk\/?page_id=25#breadcrumb\",\"itemListElement\":[{\"@type\":\"ListItem\",\"position\":1,\"name\":\"Home\",\"item\":\"https:\/\/www.freesteel.sk\/\"},{\"@type\":\"ListItem\",\"position\":2,\"name\":\"Kovovr\u00fdoba\"}]},{\"@type\":\"WebSite\",\"@id\":\"https:\/\/www.freesteel.sk\/#website\",\"url\":\"https:\/\/www.freesteel.sk\/\",\"name\":\"Freesteel\",\"description\":\"\",\"publisher\":{\"@id\":\"https:\/\/www.freesteel.sk\/#organization\"},\"potentialAction\":[{\"@type\":\"SearchAction\",\"target\":{\"@type\":\"EntryPoint\",\"urlTemplate\":\"https:\/\/www.freesteel.sk\/?s={search_term_string}\"},\"query-input\":\"required name=search_term_string\"}],\"inLanguage\":\"sk-SK\"},{\"@type\":\"Organization\",\"@id\":\"https:\/\/www.freesteel.sk\/#organization\",\"name\":\"Freesteel\",\"url\":\"https:\/\/www.freesteel.sk\/\",\"logo\":{\"@type\":\"ImageObject\",\"inLanguage\":\"sk-SK\",\"@id\":\"https:\/\/www.freesteel.sk\/#\/schema\/logo\/image\/\",\"url\":\"https:\/\/www.freesteel.sk\/wp-content\/uploads\/2023\/05\/Freesteel-logo-color.png\",\"contentUrl\":\"https:\/\/www.freesteel.sk\/wp-content\/uploads\/2023\/05\/Freesteel-logo-color.png\",\"width\":1946,\"height\":469,\"caption\":\"Freesteel\"},\"image\":{\"@id\":\"https:\/\/www.freesteel.sk\/#\/schema\/logo\/image\/\"}}]}<\/script>\n<!-- \/ Yoast SEO plugin. -->","yoast_head_json":{"title":"Kovovr\u00fdoba - Freesteel","robots":{"index":"index","follow":"follow","max-snippet":"max-snippet:-1","max-image-preview":"max-image-preview:large","max-video-preview":"max-video-preview:-1"},"canonical":"https:\/\/www.freesteel.sk\/?page_id=25","og_locale":"sk_SK","og_type":"article","og_title":"Kovovr\u00fdoba - Freesteel","og_description":"Kovov\u00fdroba Na\u0161a kovov\u00fdroba je zameran\u00e1 na r\u00f4zne produkty z kovov\u00fdch materi\u00e1lov, vr\u00e1tane ocele, hlin\u00edka, medi a \u010fal\u0161\u00edch. S vyu\u017eit\u00edm najmodernej\u0161\u00edch technol\u00f3gi\u00ed a vysokej prec\u00edznosti zabezpe\u010dujeme, aby ka\u017ed\u00fd v\u00fdrobok, ktor\u00fd op\u00fa\u0161\u0165a na\u0161e dielne, sp\u013a\u0148al najvy\u0161\u0161ie \u0161tandardy kvality. Spolupracujeme s odvetviami ako automobilov\u00fd priemysel, stroj\u00e1rstvo a energetika. Na\u0161a flexibilita a schopnos\u0165 prisp\u00f4sobi\u0165 sa individu\u00e1lnym po\u017eiadavk\u00e1m z\u00e1kazn\u00edkov n\u00e1m [&hellip;]","og_url":"https:\/\/www.freesteel.sk\/?page_id=25","og_site_name":"Freesteel","article_modified_time":"2023-07-10T20:26:30+00:00","twitter_card":"summary_large_image","twitter_misc":{"Predpokladan\u00fd \u010das \u010d\u00edtania":"1 min\u00fata"},"schema":{"@context":"https:\/\/schema.org","@graph":[{"@type":"WebPage","@id":"https:\/\/www.freesteel.sk\/?page_id=25","url":"https:\/\/www.freesteel.sk\/?page_id=25","name":"Kovovr\u00fdoba - Freesteel","isPartOf":{"@id":"https:\/\/www.freesteel.sk\/#website"},"datePublished":"2023-05-03T14:01:29+00:00","dateModified":"2023-07-10T20:26:30+00:00","breadcrumb":{"@id":"https:\/\/www.freesteel.sk\/?page_id=25#breadcrumb"},"inLanguage":"sk-SK","potentialAction":[{"@type":"ReadAction","target":["https:\/\/www.freesteel.sk\/?page_id=25"]}]},{"@type":"BreadcrumbList","@id":"https:\/\/www.freesteel.sk\/?page_id=25#breadcrumb","itemListElement":[{"@type":"ListItem","position":1,"name":"Home","item":"https:\/\/www.freesteel.sk\/"},{"@type":"ListItem","position":2,"name":"Kovovr\u00fdoba"}]},{"@type":"WebSite","@id":"https:\/\/www.freesteel.sk\/#website","url":"https:\/\/www.freesteel.sk\/","name":"Freesteel","description":"","publisher":{"@id":"https:\/\/www.freesteel.sk\/#organization"},"potentialAction":[{"@type":"SearchAction","target":{"@type":"EntryPoint","urlTemplate":"https:\/\/www.freesteel.sk\/?s={search_term_string}"},"query-input":"required name=search_term_string"}],"inLanguage":"sk-SK"},{"@type":"Organization","@id":"https:\/\/www.freesteel.sk\/#organization","name":"Freesteel","url":"https:\/\/www.freesteel.sk\/","logo":{"@type":"ImageObject","inLanguage":"sk-SK","@id":"https:\/\/www.freesteel.sk\/#\/schema\/logo\/image\/","url":"https:\/\/www.freesteel.sk\/wp-content\/uploads\/2023\/05\/Freesteel-logo-color.png","contentUrl":"https:\/\/www.freesteel.sk\/wp-content\/uploads\/2023\/05\/Freesteel-logo-color.png","width":1946,"height":469,"caption":"Freesteel"},"image":{"@id":"https:\/\/www.freesteel.sk\/#\/schema\/logo\/image\/"}}]}},"_links":{"self":[{"href":"https:\/\/www.freesteel.sk\/index.php?rest_route=\/wp\/v2\/pages\/25"}],"collection":[{"href":"https:\/\/www.freesteel.sk\/index.php?rest_route=\/wp\/v2\/pages"}],"about":[{"href":"https:\/\/www.freesteel.sk\/index.php?rest_route=\/wp\/v2\/types\/page"}],"author":[{"embeddable":true,"href":"https:\/\/www.freesteel.sk\/index.php?rest_route=\/wp\/v2\/users\/1"}],"replies":[{"embeddable":true,"href":"https:\/\/www.freesteel.sk\/index.php?rest_route=%2Fwp%2Fv2%2Fcomments&post=25"}],"version-history":[{"count":6,"href":"https:\/\/www.freesteel.sk\/index.php?rest_route=\/wp\/v2\/pages\/25\/revisions"}],"predecessor-version":[{"id":353,"href":"https:\/\/www.freesteel.sk\/index.php?rest_route=\/wp\/v2\/pages\/25\/revisions\/353"}],"wp:attachment":[{"href":"https:\/\/www.freesteel.sk\/index.php?rest_route=%2Fwp%2Fv2%2Fmedia&parent=25"}],"curies":[{"name":"wp","href":"https:\/\/api.w.org\/{rel}","templated":true}]}}