{"id":163,"date":"2023-05-07T00:55:55","date_gmt":"2023-05-06T22:55:55","guid":{"rendered":"https:\/\/www.freesteel.sk\/?page_id=163"},"modified":"2023-07-10T22:30:18","modified_gmt":"2023-07-10T20:30:18","slug":"referencie","status":"publish","type":"page","link":"https:\/\/www.freesteel.sk\/?page_id=163","title":{"rendered":"Referencie"},"content":{"rendered":"\t\t<div data-elementor-type=\"wp-page\" data-elementor-id=\"163\" class=\"elementor elementor-163\">\n\t\t\t\t\t\t\t\t\t<section class=\"elementor-section elementor-top-section elementor-element elementor-element-54e608b5 elementor-section-content-middle elementor-section-boxed elementor-section-height-default elementor-section-height-default\" data-id=\"54e608b5\" data-element_type=\"section\">\n\t\t\t\t\t\t<div class=\"elementor-container elementor-column-gap-no\">\n\t\t\t\t\t<div class=\"elementor-column elementor-col-100 elementor-top-column elementor-element elementor-element-73b9f286\" data-id=\"73b9f286\" data-element_type=\"column\">\n\t\t\t<div class=\"elementor-widget-wrap elementor-element-populated\">\n\t\t\t\t\t\t\t\t<div class=\"elementor-element elementor-element-2eced378 elementor-widget elementor-widget-heading\" data-id=\"2eced378\" data-element_type=\"widget\" data-widget_type=\"heading.default\">\n\t\t\t\t<div class=\"elementor-widget-container\">\n\t\t\t<style>\/*! elementor - v3.12.2 - 23-04-2023 *\/\n.elementor-heading-title{padding:0;margin:0;line-height:1}.elementor-widget-heading .elementor-heading-title[class*=elementor-size-]>a{color:inherit;font-size:inherit;line-height:inherit}.elementor-widget-heading .elementor-heading-title.elementor-size-small{font-size:15px}.elementor-widget-heading .elementor-heading-title.elementor-size-medium{font-size:19px}.elementor-widget-heading .elementor-heading-title.elementor-size-large{font-size:29px}.elementor-widget-heading .elementor-heading-title.elementor-size-xl{font-size:39px}.elementor-widget-heading .elementor-heading-title.elementor-size-xxl{font-size:59px}<\/style><h4 class=\"elementor-heading-title elementor-size-default\">Na\u0161a pr\u00e1ca<\/h4>\t\t<\/div>\n\t\t\t\t<\/div>\n\t\t\t\t<section class=\"elementor-section elementor-inner-section elementor-element elementor-element-ba35564 elementor-section-content-middle elementor-section-boxed elementor-section-height-default elementor-section-height-default\" data-id=\"ba35564\" data-element_type=\"section\">\n\t\t\t\t\t\t<div class=\"elementor-container elementor-column-gap-no\">\n\t\t\t\t\t<div class=\"elementor-column elementor-col-50 elementor-inner-column elementor-element elementor-element-300aa287\" data-id=\"300aa287\" data-element_type=\"column\">\n\t\t\t<div class=\"elementor-widget-wrap elementor-element-populated\">\n\t\t\t\t\t\t\t\t<div class=\"elementor-element elementor-element-399e8bb5 elementor-position-top elementor-vertical-align-top elementor-widget elementor-widget-image-box\" data-id=\"399e8bb5\" data-element_type=\"widget\" data-widget_type=\"image-box.default\">\n\t\t\t\t<div class=\"elementor-widget-container\">\n\t\t\t<style>\/*! elementor - v3.12.2 - 23-04-2023 *\/\n.elementor-widget-image-box .elementor-image-box-content{width:100%}@media (min-width:768px){.elementor-widget-image-box.elementor-position-left .elementor-image-box-wrapper,.elementor-widget-image-box.elementor-position-right .elementor-image-box-wrapper{display:flex}.elementor-widget-image-box.elementor-position-right .elementor-image-box-wrapper{text-align:right;flex-direction:row-reverse}.elementor-widget-image-box.elementor-position-left .elementor-image-box-wrapper{text-align:left;flex-direction:row}.elementor-widget-image-box.elementor-position-top .elementor-image-box-img{margin:auto}.elementor-widget-image-box.elementor-vertical-align-top .elementor-image-box-wrapper{align-items:flex-start}.elementor-widget-image-box.elementor-vertical-align-middle .elementor-image-box-wrapper{align-items:center}.elementor-widget-image-box.elementor-vertical-align-bottom .elementor-image-box-wrapper{align-items:flex-end}}@media (max-width:767px){.elementor-widget-image-box .elementor-image-box-img{margin-left:auto!important;margin-right:auto!important;margin-bottom:15px}}.elementor-widget-image-box .elementor-image-box-img{display:inline-block}.elementor-widget-image-box .elementor-image-box-title a{color:inherit}.elementor-widget-image-box .elementor-image-box-wrapper{text-align:center}.elementor-widget-image-box .elementor-image-box-description{margin:0}<\/style><div class=\"elementor-image-box-wrapper\"><figure class=\"elementor-image-box-img\"><img decoding=\"async\" width=\"768\" height=\"1024\" src=\"https:\/\/www.freesteel.sk\/wp-content\/uploads\/2023\/07\/WhatsApp-Image-2023-07-10-at-00.01.36-768x1024.jpeg\" class=\"attachment-large size-large wp-image-336\" alt=\"\" loading=\"lazy\" srcset=\"https:\/\/www.freesteel.sk\/wp-content\/uploads\/2023\/07\/WhatsApp-Image-2023-07-10-at-00.01.36-768x1024.jpeg 768w, https:\/\/www.freesteel.sk\/wp-content\/uploads\/2023\/07\/WhatsApp-Image-2023-07-10-at-00.01.36-225x300.jpeg 225w, https:\/\/www.freesteel.sk\/wp-content\/uploads\/2023\/07\/WhatsApp-Image-2023-07-10-at-00.01.36-1152x1536.jpeg 1152w, https:\/\/www.freesteel.sk\/wp-content\/uploads\/2023\/07\/WhatsApp-Image-2023-07-10-at-00.01.36.jpeg 1200w\" sizes=\"(max-width: 768px) 100vw, 768px\" \/><\/figure><div class=\"elementor-image-box-content\"><h3 class=\"elementor-image-box-title\">Schodisko<\/h3><p class=\"elementor-image-box-description\">S prec\u00edznos\u0165ou a zru\u010dnos\u0165ou na\u0161ich zv\u00e1ra\u010dov sme vytvorili \u0161trukt\u00faru, ktor\u00e1 kombinuje funk\u010dnos\u0165 a elegantn\u00fd dizajn. Toto schodisko je \u017eiv\u00fdm d\u00f4kazom na\u0161ej z\u00e1\u013euby pre detaily a odhodlania prin\u00e1\u0161a\u0165 na\u0161im klientom vy\u0161perkovan\u00e9 kovov\u00e9 v\u00fdrobky.<\/p><\/div><\/div>\t\t<\/div>\n\t\t\t\t<\/div>\n\t\t\t\t\t<\/div>\n\t\t<\/div>\n\t\t\t\t<div class=\"elementor-column elementor-col-50 elementor-inner-column elementor-element elementor-element-6f1f3f77\" data-id=\"6f1f3f77\" data-element_type=\"column\">\n\t\t\t<div class=\"elementor-widget-wrap elementor-element-populated\">\n\t\t\t\t\t\t\t\t<div class=\"elementor-element elementor-element-12bc140f elementor-position-top elementor-vertical-align-top elementor-widget elementor-widget-image-box\" data-id=\"12bc140f\" data-element_type=\"widget\" data-widget_type=\"image-box.default\">\n\t\t\t\t<div class=\"elementor-widget-container\">\n\t\t\t<div class=\"elementor-image-box-wrapper\"><figure class=\"elementor-image-box-img\"><img decoding=\"async\" width=\"768\" height=\"1024\" src=\"https:\/\/www.freesteel.sk\/wp-content\/uploads\/2023\/07\/WhatsApp-Image-2023-07-10-at-00.01.36-2-768x1024.jpeg\" class=\"attachment-large size-large wp-image-334\" alt=\"\" loading=\"lazy\" srcset=\"https:\/\/www.freesteel.sk\/wp-content\/uploads\/2023\/07\/WhatsApp-Image-2023-07-10-at-00.01.36-2-768x1024.jpeg 768w, https:\/\/www.freesteel.sk\/wp-content\/uploads\/2023\/07\/WhatsApp-Image-2023-07-10-at-00.01.36-2-225x300.jpeg 225w, https:\/\/www.freesteel.sk\/wp-content\/uploads\/2023\/07\/WhatsApp-Image-2023-07-10-at-00.01.36-2-1152x1536.jpeg 1152w, https:\/\/www.freesteel.sk\/wp-content\/uploads\/2023\/07\/WhatsApp-Image-2023-07-10-at-00.01.36-2.jpeg 1200w\" sizes=\"(max-width: 768px) 100vw, 768px\" \/><\/figure><div class=\"elementor-image-box-content\"><h3 class=\"elementor-image-box-title\">Br\u00e1na<\/h3><p class=\"elementor-image-box-description\">T\u00e1to br\u00e1na je \u017eiv\u00fdm vyjadren\u00edm na\u0161ej remeselnej dokonalosti a \u00faprimn\u00e9ho z\u00e1ujmu o detaily. Sme hrd\u00ed na to, \u017ee dok\u00e1\u017eeme kombinova\u0165 \u0161t\u00fdl s funk\u010dnos\u0165ou a vytv\u00e1ra\u0165 br\u00e1ny, ktor\u00e9 s\u00fa oku lahodiv\u00e9, z\u00e1rove\u0148 v\u0161ak chr\u00e1nia a zv\u00fdraz\u0148uj\u00fa jedine\u010dn\u00fd charakter.<\/p><\/div><\/div>\t\t<\/div>\n\t\t\t\t<\/div>\n\t\t\t\t\t<\/div>\n\t\t<\/div>\n\t\t\t\t\t\t\t<\/div>\n\t\t<\/section>\n\t\t\t\t<section class=\"elementor-section elementor-inner-section elementor-element elementor-element-28a4a16c elementor-section-content-middle elementor-section-boxed elementor-section-height-default elementor-section-height-default\" data-id=\"28a4a16c\" data-element_type=\"section\">\n\t\t\t\t\t\t<div class=\"elementor-container elementor-column-gap-no\">\n\t\t\t\t\t<div class=\"elementor-column elementor-col-50 elementor-inner-column elementor-element elementor-element-1cd123e3\" data-id=\"1cd123e3\" data-element_type=\"column\">\n\t\t\t<div class=\"elementor-widget-wrap elementor-element-populated\">\n\t\t\t\t\t\t\t\t<div class=\"elementor-element elementor-element-7fac1dd4 elementor-position-top elementor-vertical-align-top elementor-widget elementor-widget-image-box\" data-id=\"7fac1dd4\" data-element_type=\"widget\" data-widget_type=\"image-box.default\">\n\t\t\t\t<div class=\"elementor-widget-container\">\n\t\t\t<div class=\"elementor-image-box-wrapper\"><figure class=\"elementor-image-box-img\"><img decoding=\"async\" width=\"720\" height=\"900\" src=\"https:\/\/www.freesteel.sk\/wp-content\/uploads\/2023\/07\/WhatsApp-Image-2023-07-10-at-00.01.36-1.jpeg\" class=\"attachment-full size-full wp-image-335\" alt=\"\" loading=\"lazy\" srcset=\"https:\/\/www.freesteel.sk\/wp-content\/uploads\/2023\/07\/WhatsApp-Image-2023-07-10-at-00.01.36-1.jpeg 720w, https:\/\/www.freesteel.sk\/wp-content\/uploads\/2023\/07\/WhatsApp-Image-2023-07-10-at-00.01.36-1-240x300.jpeg 240w\" sizes=\"(max-width: 720px) 100vw, 720px\" \/><\/figure><div class=\"elementor-image-box-content\"><h3 class=\"elementor-image-box-title\">Z\u00e1bradlie<\/h3><p class=\"elementor-image-box-description\">Na\u0161i vysoko kvalifikovan\u00ed zv\u00e1ra\u010di a odborn\u00edci pre transform\u00e1ciu kovu spojili svoje schopnosti a sk\u00fasenosti, aby vytvorili jedine\u010dn\u00e9 a funk\u010dn\u00e9 schodisko. Sme oddan\u00ed kvalite, presnosti a estetike, a t\u00e1to fotka je len jedn\u00fdm zo svedectiev n\u00e1\u0161ho z\u00e1v\u00e4zku poskytova\u0165 v\u00fdrobky, ktor\u00e9 sp\u013a\u0148aj\u00fa najvy\u0161\u0161ie \u0161tandardy a presne vyhovuj\u00fa potreb\u00e1m na\u0161ich z\u00e1kazn\u00edkov.<\/p><\/div><\/div>\t\t<\/div>\n\t\t\t\t<\/div>\n\t\t\t\t\t<\/div>\n\t\t<\/div>\n\t\t\t\t<div class=\"elementor-column elementor-col-50 elementor-inner-column elementor-element elementor-element-6ae2c84e\" data-id=\"6ae2c84e\" data-element_type=\"column\">\n\t\t\t<div class=\"elementor-widget-wrap\">\n\t\t\t\t\t\t\t\t\t<\/div>\n\t\t<\/div>\n\t\t\t\t\t\t\t<\/div>\n\t\t<\/section>\n\t\t\t\t\t<\/div>\n\t\t<\/div>\n\t\t\t\t\t\t\t<\/div>\n\t\t<\/section>\n\t\t\t\t<section class=\"elementor-section elementor-top-section elementor-element elementor-element-6fa69960 elementor-section-content-middle elementor-section-boxed elementor-section-height-default elementor-section-height-default\" data-id=\"6fa69960\" data-element_type=\"section\" data-settings=\"{&quot;background_background&quot;:&quot;classic&quot;}\">\n\t\t\t\t\t\t<div class=\"elementor-container elementor-column-gap-no\">\n\t\t\t\t\t<div class=\"elementor-column elementor-col-50 elementor-top-column elementor-element elementor-element-5448110a\" data-id=\"5448110a\" data-element_type=\"column\" data-settings=\"{&quot;background_background&quot;:&quot;classic&quot;}\">\n\t\t\t<div class=\"elementor-widget-wrap elementor-element-populated\">\n\t\t\t\t\t\t\t\t<div class=\"elementor-element elementor-element-7b5e3178 elementor-widget elementor-widget-heading\" data-id=\"7b5e3178\" data-element_type=\"widget\" data-widget_type=\"heading.default\">\n\t\t\t\t<div class=\"elementor-widget-container\">\n\t\t\t<h5 class=\"elementor-heading-title elementor-size-default\">Kontaktujte n\u00e1s<\/h5>\t\t<\/div>\n\t\t\t\t<\/div>\n\t\t\t\t<section class=\"elementor-section elementor-inner-section elementor-element elementor-element-ec7b2fc elementor-section-boxed elementor-section-height-default elementor-section-height-default\" data-id=\"ec7b2fc\" data-element_type=\"section\">\n\t\t\t\t\t\t<div class=\"elementor-container elementor-column-gap-default\">\n\t\t\t\t\t<div class=\"elementor-column elementor-col-50 elementor-inner-column elementor-element elementor-element-598c8ab0\" data-id=\"598c8ab0\" data-element_type=\"column\">\n\t\t\t<div class=\"elementor-widget-wrap elementor-element-populated\">\n\t\t\t\t\t\t\t\t<div class=\"elementor-element elementor-element-48c68602 elementor-widget elementor-widget-heading\" data-id=\"48c68602\" data-element_type=\"widget\" data-widget_type=\"heading.default\">\n\t\t\t\t<div class=\"elementor-widget-container\">\n\t\t\t<h2 class=\"elementor-heading-title elementor-size-default\">Kovov\u00fdroba<\/h2>\t\t<\/div>\n\t\t\t\t<\/div>\n\t\t\t\t\t<\/div>\n\t\t<\/div>\n\t\t\t\t<div class=\"elementor-column elementor-col-50 elementor-inner-column elementor-element elementor-element-280eaf92\" data-id=\"280eaf92\" data-element_type=\"column\">\n\t\t\t<div class=\"elementor-widget-wrap elementor-element-populated\">\n\t\t\t\t\t\t\t\t<div class=\"elementor-element elementor-element-15ce8901 elementor-widget elementor-widget-text-editor\" data-id=\"15ce8901\" data-element_type=\"widget\" data-widget_type=\"text-editor.default\">\n\t\t\t\t<div class=\"elementor-widget-container\">\n\t\t\t<style>\/*! elementor - v3.12.2 - 23-04-2023 *\/\n.elementor-widget-text-editor.elementor-drop-cap-view-stacked .elementor-drop-cap{background-color:#69727d;color:#fff}.elementor-widget-text-editor.elementor-drop-cap-view-framed .elementor-drop-cap{color:#69727d;border:3px solid;background-color:transparent}.elementor-widget-text-editor:not(.elementor-drop-cap-view-default) .elementor-drop-cap{margin-top:8px}.elementor-widget-text-editor:not(.elementor-drop-cap-view-default) .elementor-drop-cap-letter{width:1em;height:1em}.elementor-widget-text-editor .elementor-drop-cap{float:left;text-align:center;line-height:1;font-size:50px}.elementor-widget-text-editor .elementor-drop-cap-letter{display:inline-block}<\/style>\t\t\t\t+421 944 109 238 <a href=\"mailto:michal.mazgut@freesteel.sk\">michal.mazgut@freesteel.sk<\/a>\t\t\t\t\t\t<\/div>\n\t\t\t\t<\/div>\n\t\t\t\t\t<\/div>\n\t\t<\/div>\n\t\t\t\t\t\t\t<\/div>\n\t\t<\/section>\n\t\t\t\t<section class=\"elementor-section elementor-inner-section elementor-element elementor-element-424842fd elementor-section-boxed elementor-section-height-default elementor-section-height-default\" data-id=\"424842fd\" data-element_type=\"section\">\n\t\t\t\t\t\t<div class=\"elementor-container elementor-column-gap-default\">\n\t\t\t\t\t<div class=\"elementor-column elementor-col-50 elementor-inner-column elementor-element elementor-element-3998b82e\" data-id=\"3998b82e\" data-element_type=\"column\">\n\t\t\t<div class=\"elementor-widget-wrap elementor-element-populated\">\n\t\t\t\t\t\t\t\t<div class=\"elementor-element elementor-element-5e6759cc elementor-widget elementor-widget-heading\" data-id=\"5e6759cc\" data-element_type=\"widget\" data-widget_type=\"heading.default\">\n\t\t\t\t<div class=\"elementor-widget-container\">\n\t\t\t<h2 class=\"elementor-heading-title elementor-size-default\">Stavebn\u00e1 \u010dinnos\u0165<\/h2>\t\t<\/div>\n\t\t\t\t<\/div>\n\t\t\t\t\t<\/div>\n\t\t<\/div>\n\t\t\t\t<div class=\"elementor-column elementor-col-50 elementor-inner-column elementor-element elementor-element-a9bf7a9\" data-id=\"a9bf7a9\" data-element_type=\"column\">\n\t\t\t<div class=\"elementor-widget-wrap elementor-element-populated\">\n\t\t\t\t\t\t\t\t<div class=\"elementor-element elementor-element-4963d8a2 elementor-widget elementor-widget-text-editor\" data-id=\"4963d8a2\" data-element_type=\"widget\" data-widget_type=\"text-editor.default\">\n\t\t\t\t<div class=\"elementor-widget-container\">\n\t\t\t\t\t\t\t+421 944 109 238 <a href=\"mailto:office@freesteel.sk\">office@freesteel.sk<\/a>\t\t\t\t\t\t<\/div>\n\t\t\t\t<\/div>\n\t\t\t\t\t<\/div>\n\t\t<\/div>\n\t\t\t\t\t\t\t<\/div>\n\t\t<\/section>\n\t\t\t\t<section class=\"elementor-section elementor-inner-section elementor-element elementor-element-3f45bd74 elementor-section-boxed elementor-section-height-default elementor-section-height-default\" data-id=\"3f45bd74\" data-element_type=\"section\">\n\t\t\t\t\t\t<div class=\"elementor-container elementor-column-gap-default\">\n\t\t\t\t\t<div class=\"elementor-column elementor-col-50 elementor-inner-column elementor-element elementor-element-48ec7fe9\" data-id=\"48ec7fe9\" data-element_type=\"column\">\n\t\t\t<div class=\"elementor-widget-wrap elementor-element-populated\">\n\t\t\t\t\t\t\t\t<div class=\"elementor-element elementor-element-23bf7d4d elementor-widget elementor-widget-heading\" data-id=\"23bf7d4d\" data-element_type=\"widget\" data-widget_type=\"heading.default\">\n\t\t\t\t<div class=\"elementor-widget-container\">\n\t\t\t<h2 class=\"elementor-heading-title elementor-size-default\">Projek\u010dn\u00e1 \u010dinnos\u0165<\/h2>\t\t<\/div>\n\t\t\t\t<\/div>\n\t\t\t\t\t<\/div>\n\t\t<\/div>\n\t\t\t\t<div class=\"elementor-column elementor-col-50 elementor-inner-column elementor-element elementor-element-62db2c71\" data-id=\"62db2c71\" data-element_type=\"column\">\n\t\t\t<div class=\"elementor-widget-wrap elementor-element-populated\">\n\t\t\t\t\t\t\t\t<div class=\"elementor-element elementor-element-38b0f6aa elementor-widget elementor-widget-text-editor\" data-id=\"38b0f6aa\" data-element_type=\"widget\" data-widget_type=\"text-editor.default\">\n\t\t\t\t<div class=\"elementor-widget-container\">\n\t\t\t\t\t\t\t+421 944 109 238\n<a href=\"mailto:projekcia@freesteel.sk\">projekcia@freesteel.sk<\/a>\t\t\t\t\t\t<\/div>\n\t\t\t\t<\/div>\n\t\t\t\t\t<\/div>\n\t\t<\/div>\n\t\t\t\t\t\t\t<\/div>\n\t\t<\/section>\n\t\t\t\t\t<\/div>\n\t\t<\/div>\n\t\t\t\t<div class=\"elementor-column elementor-col-50 elementor-top-column elementor-element elementor-element-2d369394\" data-id=\"2d369394\" data-element_type=\"column\" data-settings=\"{&quot;background_background&quot;:&quot;classic&quot;}\">\n\t\t\t<div class=\"elementor-widget-wrap elementor-element-populated\">\n\t\t\t\t\t\t\t\t<div class=\"elementor-element elementor-element-4d29a48e elementor-widget elementor-widget-google_maps\" data-id=\"4d29a48e\" data-element_type=\"widget\" data-widget_type=\"google_maps.default\">\n\t\t\t\t<div class=\"elementor-widget-container\">\n\t\t\t<style>\/*! elementor - v3.12.2 - 23-04-2023 *\/\n.elementor-widget-google_maps .elementor-widget-container{overflow:hidden}.elementor-widget-google_maps .elementor-custom-embed{line-height:0}.elementor-widget-google_maps iframe{height:300px}<\/style>\t\t<div class=\"elementor-custom-embed\">\n\t\t\t<iframe loading=\"lazy\"\n\t\t\t\t\tsrc=\"https:\/\/maps.google.com\/maps?q=Sad%20SNP%208&#038;t=m&#038;z=18&#038;output=embed&#038;iwloc=near\"\n\t\t\t\t\ttitle=\"Sad SNP 8\"\n\t\t\t\t\taria-label=\"Sad SNP 8\"\n\t\t\t><\/iframe>\n\t\t<\/div>\n\t\t\t\t<\/div>\n\t\t\t\t<\/div>\n\t\t\t\t\t<\/div>\n\t\t<\/div>\n\t\t\t\t\t\t\t<\/div>\n\t\t<\/section>\n\t\t\t\t\t\t\t<\/div>\n\t\t","protected":false},"excerpt":{"rendered":"<p>Na\u0161a pr\u00e1ca Schodisko S prec\u00edznos\u0165ou a zru\u010dnos\u0165ou na\u0161ich zv\u00e1ra\u010dov sme vytvorili \u0161trukt\u00faru, ktor\u00e1 kombinuje funk\u010dnos\u0165 a elegantn\u00fd dizajn. Toto schodisko je \u017eiv\u00fdm d\u00f4kazom na\u0161ej z\u00e1\u013euby pre detaily a odhodlania prin\u00e1\u0161a\u0165 na\u0161im klientom vy\u0161perkovan\u00e9 kovov\u00e9 v\u00fdrobky. Br\u00e1na T\u00e1to br\u00e1na je \u017eiv\u00fdm vyjadren\u00edm na\u0161ej remeselnej dokonalosti a \u00faprimn\u00e9ho z\u00e1ujmu o detaily. Sme hrd\u00ed na to, \u017ee dok\u00e1\u017eeme [&hellip;]<\/p>\n","protected":false},"author":1,"featured_media":0,"parent":0,"menu_order":0,"comment_status":"closed","ping_status":"closed","template":"","meta":{"_mi_skip_tracking":false},"yoast_head":"<!-- This site is optimized with the Yoast SEO plugin v20.5 - https:\/\/yoast.com\/wordpress\/plugins\/seo\/ -->\n<title>Referencie - Freesteel<\/title>\n<meta name=\"robots\" content=\"index, follow, max-snippet:-1, max-image-preview:large, max-video-preview:-1\" \/>\n<link rel=\"canonical\" href=\"https:\/\/www.freesteel.sk\/?page_id=163\" \/>\n<meta property=\"og:locale\" content=\"sk_SK\" \/>\n<meta property=\"og:type\" content=\"article\" \/>\n<meta property=\"og:title\" content=\"Referencie - Freesteel\" \/>\n<meta property=\"og:description\" content=\"Na\u0161a pr\u00e1ca Schodisko S prec\u00edznos\u0165ou a zru\u010dnos\u0165ou na\u0161ich zv\u00e1ra\u010dov sme vytvorili \u0161trukt\u00faru, ktor\u00e1 kombinuje funk\u010dnos\u0165 a elegantn\u00fd dizajn. Toto schodisko je \u017eiv\u00fdm d\u00f4kazom na\u0161ej z\u00e1\u013euby pre detaily a odhodlania prin\u00e1\u0161a\u0165 na\u0161im klientom vy\u0161perkovan\u00e9 kovov\u00e9 v\u00fdrobky. Br\u00e1na T\u00e1to br\u00e1na je \u017eiv\u00fdm vyjadren\u00edm na\u0161ej remeselnej dokonalosti a \u00faprimn\u00e9ho z\u00e1ujmu o detaily. Sme hrd\u00ed na to, \u017ee dok\u00e1\u017eeme [&hellip;]\" \/>\n<meta property=\"og:url\" content=\"https:\/\/www.freesteel.sk\/?page_id=163\" \/>\n<meta property=\"og:site_name\" content=\"Freesteel\" \/>\n<meta property=\"article:modified_time\" content=\"2023-07-10T20:30:18+00:00\" \/>\n<meta property=\"og:image\" content=\"https:\/\/www.freesteel.sk\/wp-content\/uploads\/2023\/07\/WhatsApp-Image-2023-07-10-at-00.01.36-768x1024.jpeg\" \/>\n<meta name=\"twitter:card\" content=\"summary_large_image\" \/>\n<meta name=\"twitter:label1\" content=\"Predpokladan\u00fd \u010das \u010d\u00edtania\" \/>\n\t<meta name=\"twitter:data1\" content=\"2 min\u00faty\" \/>\n<script type=\"application\/ld+json\" class=\"yoast-schema-graph\">{\"@context\":\"https:\/\/schema.org\",\"@graph\":[{\"@type\":\"WebPage\",\"@id\":\"https:\/\/www.freesteel.sk\/?page_id=163\",\"url\":\"https:\/\/www.freesteel.sk\/?page_id=163\",\"name\":\"Referencie - Freesteel\",\"isPartOf\":{\"@id\":\"https:\/\/www.freesteel.sk\/#website\"},\"datePublished\":\"2023-05-06T22:55:55+00:00\",\"dateModified\":\"2023-07-10T20:30:18+00:00\",\"breadcrumb\":{\"@id\":\"https:\/\/www.freesteel.sk\/?page_id=163#breadcrumb\"},\"inLanguage\":\"sk-SK\",\"potentialAction\":[{\"@type\":\"ReadAction\",\"target\":[\"https:\/\/www.freesteel.sk\/?page_id=163\"]}]},{\"@type\":\"BreadcrumbList\",\"@id\":\"https:\/\/www.freesteel.sk\/?page_id=163#breadcrumb\",\"itemListElement\":[{\"@type\":\"ListItem\",\"position\":1,\"name\":\"Home\",\"item\":\"https:\/\/www.freesteel.sk\/\"},{\"@type\":\"ListItem\",\"position\":2,\"name\":\"Referencie\"}]},{\"@type\":\"WebSite\",\"@id\":\"https:\/\/www.freesteel.sk\/#website\",\"url\":\"https:\/\/www.freesteel.sk\/\",\"name\":\"Freesteel\",\"description\":\"\",\"publisher\":{\"@id\":\"https:\/\/www.freesteel.sk\/#organization\"},\"potentialAction\":[{\"@type\":\"SearchAction\",\"target\":{\"@type\":\"EntryPoint\",\"urlTemplate\":\"https:\/\/www.freesteel.sk\/?s={search_term_string}\"},\"query-input\":\"required name=search_term_string\"}],\"inLanguage\":\"sk-SK\"},{\"@type\":\"Organization\",\"@id\":\"https:\/\/www.freesteel.sk\/#organization\",\"name\":\"Freesteel\",\"url\":\"https:\/\/www.freesteel.sk\/\",\"logo\":{\"@type\":\"ImageObject\",\"inLanguage\":\"sk-SK\",\"@id\":\"https:\/\/www.freesteel.sk\/#\/schema\/logo\/image\/\",\"url\":\"https:\/\/www.freesteel.sk\/wp-content\/uploads\/2023\/05\/Freesteel-logo-color.png\",\"contentUrl\":\"https:\/\/www.freesteel.sk\/wp-content\/uploads\/2023\/05\/Freesteel-logo-color.png\",\"width\":1946,\"height\":469,\"caption\":\"Freesteel\"},\"image\":{\"@id\":\"https:\/\/www.freesteel.sk\/#\/schema\/logo\/image\/\"}}]}<\/script>\n<!-- \/ Yoast SEO plugin. -->","yoast_head_json":{"title":"Referencie - Freesteel","robots":{"index":"index","follow":"follow","max-snippet":"max-snippet:-1","max-image-preview":"max-image-preview:large","max-video-preview":"max-video-preview:-1"},"canonical":"https:\/\/www.freesteel.sk\/?page_id=163","og_locale":"sk_SK","og_type":"article","og_title":"Referencie - Freesteel","og_description":"Na\u0161a pr\u00e1ca Schodisko S prec\u00edznos\u0165ou a zru\u010dnos\u0165ou na\u0161ich zv\u00e1ra\u010dov sme vytvorili \u0161trukt\u00faru, ktor\u00e1 kombinuje funk\u010dnos\u0165 a elegantn\u00fd dizajn. Toto schodisko je \u017eiv\u00fdm d\u00f4kazom na\u0161ej z\u00e1\u013euby pre detaily a odhodlania prin\u00e1\u0161a\u0165 na\u0161im klientom vy\u0161perkovan\u00e9 kovov\u00e9 v\u00fdrobky. Br\u00e1na T\u00e1to br\u00e1na je \u017eiv\u00fdm vyjadren\u00edm na\u0161ej remeselnej dokonalosti a \u00faprimn\u00e9ho z\u00e1ujmu o detaily. Sme hrd\u00ed na to, \u017ee dok\u00e1\u017eeme [&hellip;]","og_url":"https:\/\/www.freesteel.sk\/?page_id=163","og_site_name":"Freesteel","article_modified_time":"2023-07-10T20:30:18+00:00","og_image":[{"url":"https:\/\/www.freesteel.sk\/wp-content\/uploads\/2023\/07\/WhatsApp-Image-2023-07-10-at-00.01.36-768x1024.jpeg"}],"twitter_card":"summary_large_image","twitter_misc":{"Predpokladan\u00fd \u010das \u010d\u00edtania":"2 min\u00faty"},"schema":{"@context":"https:\/\/schema.org","@graph":[{"@type":"WebPage","@id":"https:\/\/www.freesteel.sk\/?page_id=163","url":"https:\/\/www.freesteel.sk\/?page_id=163","name":"Referencie - Freesteel","isPartOf":{"@id":"https:\/\/www.freesteel.sk\/#website"},"datePublished":"2023-05-06T22:55:55+00:00","dateModified":"2023-07-10T20:30:18+00:00","breadcrumb":{"@id":"https:\/\/www.freesteel.sk\/?page_id=163#breadcrumb"},"inLanguage":"sk-SK","potentialAction":[{"@type":"ReadAction","target":["https:\/\/www.freesteel.sk\/?page_id=163"]}]},{"@type":"BreadcrumbList","@id":"https:\/\/www.freesteel.sk\/?page_id=163#breadcrumb","itemListElement":[{"@type":"ListItem","position":1,"name":"Home","item":"https:\/\/www.freesteel.sk\/"},{"@type":"ListItem","position":2,"name":"Referencie"}]},{"@type":"WebSite","@id":"https:\/\/www.freesteel.sk\/#website","url":"https:\/\/www.freesteel.sk\/","name":"Freesteel","description":"","publisher":{"@id":"https:\/\/www.freesteel.sk\/#organization"},"potentialAction":[{"@type":"SearchAction","target":{"@type":"EntryPoint","urlTemplate":"https:\/\/www.freesteel.sk\/?s={search_term_string}"},"query-input":"required name=search_term_string"}],"inLanguage":"sk-SK"},{"@type":"Organization","@id":"https:\/\/www.freesteel.sk\/#organization","name":"Freesteel","url":"https:\/\/www.freesteel.sk\/","logo":{"@type":"ImageObject","inLanguage":"sk-SK","@id":"https:\/\/www.freesteel.sk\/#\/schema\/logo\/image\/","url":"https:\/\/www.freesteel.sk\/wp-content\/uploads\/2023\/05\/Freesteel-logo-color.png","contentUrl":"https:\/\/www.freesteel.sk\/wp-content\/uploads\/2023\/05\/Freesteel-logo-color.png","width":1946,"height":469,"caption":"Freesteel"},"image":{"@id":"https:\/\/www.freesteel.sk\/#\/schema\/logo\/image\/"}}]}},"_links":{"self":[{"href":"https:\/\/www.freesteel.sk\/index.php?rest_route=\/wp\/v2\/pages\/163"}],"collection":[{"href":"https:\/\/www.freesteel.sk\/index.php?rest_route=\/wp\/v2\/pages"}],"about":[{"href":"https:\/\/www.freesteel.sk\/index.php?rest_route=\/wp\/v2\/types\/page"}],"author":[{"embeddable":true,"href":"https:\/\/www.freesteel.sk\/index.php?rest_route=\/wp\/v2\/users\/1"}],"replies":[{"embeddable":true,"href":"https:\/\/www.freesteel.sk\/index.php?rest_route=%2Fwp%2Fv2%2Fcomments&post=163"}],"version-history":[{"count":6,"href":"https:\/\/www.freesteel.sk\/index.php?rest_route=\/wp\/v2\/pages\/163\/revisions"}],"predecessor-version":[{"id":364,"href":"https:\/\/www.freesteel.sk\/index.php?rest_route=\/wp\/v2\/pages\/163\/revisions\/364"}],"wp:attachment":[{"href":"https:\/\/www.freesteel.sk\/index.php?rest_route=%2Fwp%2Fv2%2Fmedia&parent=163"}],"curies":[{"name":"wp","href":"https:\/\/api.w.org\/{rel}","templated":true}]}}